{"id":88,"date":"2022-04-26T11:07:22","date_gmt":"2022-04-26T10:07:22","guid":{"rendered":"http:\/\/3dlab.link\/?page_id=88"},"modified":"2025-11-26T00:46:58","modified_gmt":"2025-11-25T23:46:58","slug":"tableros-y-dispositivos-electronicos","status":"publish","type":"page","link":"https:\/\/3dlab.link\/?page_id=88","title":{"rendered":"Tableros y Dispositivos Electr\u00f3nicos"},"content":{"rendered":"\n<p>Servicio integral de desarrollo de circuitos impresos: creaci\u00f3n de archivos Gerber para placas multicapa, coordinaci\u00f3n de la fabricaci\u00f3n con proveedores como PCBWay, y montaje de componentes SMD.<\/p>\n","protected":false},"excerpt":{"rendered":"<p>Servicio integral de desarrollo de circuitos impresos: creaci\u00f3n de archivos Gerber para placas multicapa, coordinaci\u00f3n de la fabricaci\u00f3n con proveedores como PCBWay, y montaje de componentes SMD.<\/p>\n","protected":false},"author":1,"featured_media":105,"parent":8,"menu_order":0,"comment_status":"closed","ping_status":"closed","template":"","meta":{"footnotes":""},"class_list":["post-88","page","type-page","status-publish","has-post-thumbnail","hentry"],"jetpack_sharing_enabled":true,"_links":{"self":[{"href":"https:\/\/3dlab.link\/index.php?rest_route=\/wp\/v2\/pages\/88","targetHints":{"allow":["GET"]}}],"collection":[{"href":"https:\/\/3dlab.link\/index.php?rest_route=\/wp\/v2\/pages"}],"about":[{"href":"https:\/\/3dlab.link\/index.php?rest_route=\/wp\/v2\/types\/page"}],"author":[{"embeddable":true,"href":"https:\/\/3dlab.link\/index.php?rest_route=\/wp\/v2\/users\/1"}],"replies":[{"embeddable":true,"href":"https:\/\/3dlab.link\/index.php?rest_route=%2Fwp%2Fv2%2Fcomments&post=88"}],"version-history":[{"count":4,"href":"https:\/\/3dlab.link\/index.php?rest_route=\/wp\/v2\/pages\/88\/revisions"}],"predecessor-version":[{"id":526,"href":"https:\/\/3dlab.link\/index.php?rest_route=\/wp\/v2\/pages\/88\/revisions\/526"}],"up":[{"embeddable":true,"href":"https:\/\/3dlab.link\/index.php?rest_route=\/wp\/v2\/pages\/8"}],"wp:featuredmedia":[{"embeddable":true,"href":"https:\/\/3dlab.link\/index.php?rest_route=\/wp\/v2\/media\/105"}],"wp:attachment":[{"href":"https:\/\/3dlab.link\/index.php?rest_route=%2Fwp%2Fv2%2Fmedia&parent=88"}],"curies":[{"name":"wp","href":"https:\/\/api.w.org\/{rel}","templated":true}]}}