{"id":59,"date":"2022-04-25T21:12:50","date_gmt":"2022-04-25T20:12:50","guid":{"rendered":"http:\/\/3dlab.link\/?page_id=59"},"modified":"2023-12-14T03:52:52","modified_gmt":"2023-12-14T02:52:52","slug":"grabador-laser","status":"publish","type":"page","link":"https:\/\/3dlab.link\/?page_id=59","title":{"rendered":"Grabador l\u00e1ser"},"content":{"rendered":"\n<p>Grabado l\u00e1ser sobre madera, vidrio, espejo, pl\u00e1stico.<\/p>\n\n\n\n<p>En un futuro cercano dominaremos el corte de madera contrachapada, pl\u00e1stico, tela y cuero.<br>Es una pena que hasta ahora las dimensiones no superen los 400 por 500 mm.<\/p>\n","protected":false},"excerpt":{"rendered":"<p>Grabado l\u00e1ser sobre madera, vidrio, espejo, pl\u00e1stico. En un futuro cercano dominaremos el corte de madera contrachapada, pl\u00e1stico, tela y cuero.Es una pena que hasta ahora las dimensiones no superen los 400 por 500 mm.<\/p>\n","protected":false},"author":1,"featured_media":84,"parent":8,"menu_order":0,"comment_status":"closed","ping_status":"closed","template":"","meta":{"footnotes":""},"class_list":["post-59","page","type-page","status-publish","has-post-thumbnail","hentry"],"jetpack_sharing_enabled":true,"_links":{"self":[{"href":"https:\/\/3dlab.link\/index.php?rest_route=\/wp\/v2\/pages\/59","targetHints":{"allow":["GET"]}}],"collection":[{"href":"https:\/\/3dlab.link\/index.php?rest_route=\/wp\/v2\/pages"}],"about":[{"href":"https:\/\/3dlab.link\/index.php?rest_route=\/wp\/v2\/types\/page"}],"author":[{"embeddable":true,"href":"https:\/\/3dlab.link\/index.php?rest_route=\/wp\/v2\/users\/1"}],"replies":[{"embeddable":true,"href":"https:\/\/3dlab.link\/index.php?rest_route=%2Fwp%2Fv2%2Fcomments&post=59"}],"version-history":[{"count":3,"href":"https:\/\/3dlab.link\/index.php?rest_route=\/wp\/v2\/pages\/59\/revisions"}],"predecessor-version":[{"id":129,"href":"https:\/\/3dlab.link\/index.php?rest_route=\/wp\/v2\/pages\/59\/revisions\/129"}],"up":[{"embeddable":true,"href":"https:\/\/3dlab.link\/index.php?rest_route=\/wp\/v2\/pages\/8"}],"wp:featuredmedia":[{"embeddable":true,"href":"https:\/\/3dlab.link\/index.php?rest_route=\/wp\/v2\/media\/84"}],"wp:attachment":[{"href":"https:\/\/3dlab.link\/index.php?rest_route=%2Fwp%2Fv2%2Fmedia&parent=59"}],"curies":[{"name":"wp","href":"https:\/\/api.w.org\/{rel}","templated":true}]}}