{"id":12,"date":"2022-03-09T11:15:11","date_gmt":"2022-03-09T10:15:11","guid":{"rendered":"http:\/\/3dlab.link\/?page_id=12"},"modified":"2025-11-25T16:01:58","modified_gmt":"2025-11-25T15:01:58","slug":"%d1%80%d0%b0%d0%b7%d0%b4%d0%b5%d0%bb-%d0%b3%d0%bb%d0%b0%d0%b2%d0%bd%d0%be%d0%b9-%d1%81%d1%82%d1%80%d0%b0%d0%bd%d0%b8%d1%86%d1%8b","status":"publish","type":"page","link":"https:\/\/3dlab.link\/?page_id=12","title":{"rendered":"Estudio de Impresi\u00f3n 3D"},"content":{"rendered":"\n<p>Producci\u00f3n de piezas de pl\u00e1stico y figuras decorativas seg\u00fan su modelo mediante impresi\u00f3n FDM y SLA. Desarrollo de modelos 3D seg\u00fan planos y muestras rotas de piezas fabricadas en pl\u00e1sticos t\u00e9cnicos y decorativos.<\/p>\n\n\n\n<p>PLA &#8211; PolyLactic Acid es un poli\u00e9ster alif\u00e1tico termopl\u00e1stico biodegradable, biocompatible, cuyo mon\u00f3mero es el \u00e1cido l\u00e1ctico. Las materias primas para la producci\u00f3n son el ma\u00edz y la ca\u00f1a de az\u00facar. Fuerte pero quebradizo, ligeramente el\u00e1stico, no resistente a los rayos UV. F\u00e1cil de pintar con pinturas acr\u00edlicas. Utilizado en la industria alimentaria. Adecuado para art\u00edculos de decoraci\u00f3n, juguetes, acuarios. Disponible con fotoluminiscencia de larga duraci\u00f3n (brilla en la oscuridad). Temperatura de extrusi\u00f3n de 190\u00b0C a 230\u00b0C (dependiendo de la extensi\u00f3n volum\u00e9trica del pl\u00e1stico (~ 25 mm3\/s o velocidad de extrusi\u00f3n 12 mm\/s) y la velocidad de impresi\u00f3n.<\/p>\n\n\n\n<p>Temperatura de la cama &#8211; 50-60\u00b0C;<br>Velocidad de impresi\u00f3n &#8211; 100-250mm\/s;<br>Retracciones para extrusoras:<br>Velocidad &#8211; 40mm\/s;<br>Bowden &#8211; 4.5 &#8211; 6.5mm;<br>Directas- 0.8 &#8211; 1.5mm;<\/p>\n\n\n\n<p>PETG &#8211; Polietileno tereftalato glicol modificado. El pl\u00e1stico m\u00e1s utilizado en el planeta es el PET. De este pl\u00e1stico se fabrican botellas, recipientes para alimentos, embalajes, juguetes, utensilios de cocina, productos decorativos y t\u00e9cnicos, decoraciones para acuarios, productos el\u00e9ctricos, etc. \u00c9ste es pl\u00e1stico reciclable. No quebradizo, lo suficientemente el\u00e1stico, resistente a los rayos UV, solventes, \u00e1cidos. No resistente a los \u00e1lcalis c\u00e1usticos.<br>Ecol\u00f3gicamente limpio. Se puede esterilizar hasta 110\u00b0C. Temperatura de extrusi\u00f3n de 230\u00b0C a 250\u00b0C (PET &#8211; 260-270\u00b0C) (dependiendo de la extensi\u00f3n volum\u00e9trica del pl\u00e1stico (~ 25 mm3\/s o velocidad de extrusi\u00f3n 12 mm\/s) y la velocidad de impresi\u00f3n.<\/p>\n\n\n\n<p>Temperatura de la cama &#8211; 70-90\u00b0C;<br>Velocidad de impresi\u00f3n &#8211; 80-250mm\/s;<br>Retracciones para extrusoras:<br>Velocidad &#8211; 40mm\/s;<br>Bowden &#8211; 4.5 &#8211; 6.5mm;<br>Directas- 0.8 &#8211; 1.5mm;<\/p>\n\n\n\n<p>ABS (acrilonitrilo butadieno estireno). Pl\u00e1stico resistente a impactos, t\u00e9cnico y el\u00e9ctrico.<br>Fuerte, ligeramente flexible, soluble en acetona, no resistente a los rayos UV, f\u00e1cil de procesar y pintar con acr\u00edlico, no apto para alimentos. Temperatura de extrusi\u00f3n de 230\u00b0C a 260\u00b0C (dependiendo de la extensi\u00f3n volum\u00e9trica del pl\u00e1stico (~ 25 mm3\/s o velocidad de extrusi\u00f3n 12 mm\/s) y la velocidad de impresi\u00f3n.<\/p>\n\n\n\n<p>Temperatura de la cama &#8211; 80-110\u00b0C;<br>Velocidad de impresi\u00f3n &#8211; 80-250mm\/s;<br>Retracciones para extrusoras:<br>Velocidad &#8211; 40mm\/s;<br>Bowden &#8211; 4.5 &#8211; 6.5mm;<br>Directas- 0.8 &#8211; 1.5mm;<\/p>\n\n\n\n<p>Nailon &#8211; Poliamida &#8211; PA &#8211; pl\u00e1stico r\u00edgido cristalizable de alta resistencia a la tracci\u00f3n y al desgaste. Se refiere a los pl\u00e1sticos de ingenier\u00eda. El nailon tiene un alto punto de reblandecimiento y elasticidad a bajas temperaturas, resiste la esterilizaci\u00f3n por vapor hasta 140\u00b0C. Resistente a \u00e1cidos, \u00e1lcalis, aceites, soluciones salinas, grasas, gasolina, disolventes org\u00e1nicos. No indiferente a los rayos ultravioleta. Los productos para exteriores deben estar cubiertos o pintados. Soluble en \u00e1cidos, especialmente concentrados. En condiciones naturales (sin luz solar directa), no est\u00e1 sujeto a una r\u00e1pida descomposici\u00f3n y degradaci\u00f3n, bastante duradero. Temperatura de extrusi\u00f3n de 240\u00b0C a 260\u00b0C (dependiendo de la extensi\u00f3n volum\u00e9trica del pl\u00e1stico (~ 25 mm3\/s o velocidad de extrusi\u00f3n 12 mm\/s) y la velocidad de impresi\u00f3n.<\/p>\n\n\n\n<p>Temperatura de la cama &#8211; 80-110\u00b0C;<br>Velocidad de impresi\u00f3n &#8211; 30-50mm\/s;<br>Retracciones para extrusoras:<br>Velocidad &#8211; 30mm\/s;<br>Bowden &#8211; 4.5 &#8211; 6.5mm;<br>Directas- 0.8 &#8211; 1.5mm;<\/p>\n","protected":false},"excerpt":{"rendered":"<p>Producci\u00f3n de piezas de pl\u00e1stico y figuras decorativas seg\u00fan su modelo mediante impresi\u00f3n FDM y SLA. Desarrollo de modelos 3D seg\u00fan planos y muestras rotas de piezas fabricadas en pl\u00e1sticos t\u00e9cnicos y decorativos. PLA &#8211; PolyLactic Acid es un poli\u00e9ster alif\u00e1tico termopl\u00e1stico biodegradable, biocompatible, cuyo mon\u00f3mero es el \u00e1cido l\u00e1ctico. Las materias primas para la &hellip; <\/p>\n<p class=\"link-more\"><a href=\"https:\/\/3dlab.link\/?page_id=12\" class=\"more-link\">Continuar leyendo<span class=\"screen-reader-text\"> \u00abEstudio de Impresi\u00f3n 3D\u00bb<\/span><\/a><\/p>\n","protected":false},"author":1,"featured_media":112,"parent":8,"menu_order":0,"comment_status":"closed","ping_status":"closed","template":"","meta":{"footnotes":""},"class_list":["post-12","page","type-page","status-publish","has-post-thumbnail","hentry"],"jetpack_sharing_enabled":true,"_links":{"self":[{"href":"https:\/\/3dlab.link\/index.php?rest_route=\/wp\/v2\/pages\/12","targetHints":{"allow":["GET"]}}],"collection":[{"href":"https:\/\/3dlab.link\/index.php?rest_route=\/wp\/v2\/pages"}],"about":[{"href":"https:\/\/3dlab.link\/index.php?rest_route=\/wp\/v2\/types\/page"}],"author":[{"embeddable":true,"href":"https:\/\/3dlab.link\/index.php?rest_route=\/wp\/v2\/users\/1"}],"replies":[{"embeddable":true,"href":"https:\/\/3dlab.link\/index.php?rest_route=%2Fwp%2Fv2%2Fcomments&post=12"}],"version-history":[{"count":14,"href":"https:\/\/3dlab.link\/index.php?rest_route=\/wp\/v2\/pages\/12\/revisions"}],"predecessor-version":[{"id":513,"href":"https:\/\/3dlab.link\/index.php?rest_route=\/wp\/v2\/pages\/12\/revisions\/513"}],"up":[{"embeddable":true,"href":"https:\/\/3dlab.link\/index.php?rest_route=\/wp\/v2\/pages\/8"}],"wp:featuredmedia":[{"embeddable":true,"href":"https:\/\/3dlab.link\/index.php?rest_route=\/wp\/v2\/media\/112"}],"wp:attachment":[{"href":"https:\/\/3dlab.link\/index.php?rest_route=%2Fwp%2Fv2%2Fmedia&parent=12"}],"curies":[{"name":"wp","href":"https:\/\/api.w.org\/{rel}","templated":true}]}}